{"id":809,"date":"2017-08-08T08:30:50","date_gmt":"2017-08-08T08:30:50","guid":{"rendered":"http:\/\/roam.mikado-themes.com\/?page_id=809"},"modified":"2023-06-20T15:38:54","modified_gmt":"2023-06-20T12:38:54","slug":"our-team","status":"publish","type":"page","link":"https:\/\/dostkasvatur.com\/?page_id=809","title":{"rendered":"Ekibimiz"},"content":{"rendered":"<p>[vc_row row_content_width=&#8221;grid&#8221; css=&#8221;.vc_custom_1505814449612{padding-top: 127px !important;padding-bottom: 68px !important;}&#8221;][vc_column]<div class=\"mkdf-team-list-holder mkdf-normal-space mkdf-tl-four-columns\">\n\t<div class=\"mkdf-tl-inner mkdf-outer-space \" data-number-of-items=\"4\" data-enable-navigation=\"no\" data-enable-pagination=\"no\">\n\t\t<div class=\"mkdf-team mkdf-item-space info-bellow\">\n\t<div class=\"mkdf-team-inner\">\n\t\t\t\t<div class=\"mkdf-team-info\">\n            <div class=\"mkdf-team-title-holder\">\n                <h4 itemprop=\"name\" class=\"mkdf-team-name entry-title\">\n                    <a itemprop=\"url\" href=\"https:\/\/dostkasvatur.com\/?team-member=bulentyildirim\">B\u00fclent Y\u0131ld\u0131r\u0131m<\/a>\n                <\/h4>\n\n                            <\/div>\n\t\t\t\t\t\t\t<div class=\"mkdf-team-text\">\n\t\t\t\t\t<div class=\"mkdf-team-text-inner\">\n\t\t\t\t\t\t<div class=\"mkdf-team-description\">\n\t\t\t\t\t\t\t<p itemprop=\"description\" class=\"mkdf-team-excerpt\">B\u00fclent Y\u0131ld\u0131r\u0131m<\/p>\n\t\t\t\t\t\t<\/div>\n\t\t\t\t\t<\/div>\n\t\t\t\t<\/div>\n\t\t\t\t\t\t<div class=\"mkdf-team-social-holder-between\">\n\t\t\t\t<div class=\"mkdf-team-social\">\n\t\t\t\t\t<div class=\"mkdf-team-social-inner\">\n\t\t\t\t\t\t<div class=\"mkdf-team-social-wrapp\">\n\t\t\t\t\t\t\t    <span class=\"mkdf-icon-shortcode mkdf-normal   \">\n                    <a class=\"\" href=\"http:\/\/www.instagram.com\" target=\"_blank\">\n                    <span aria-hidden=\"true\" class=\"mkdf-icon-font-elegant social_instagram mkdf-icon-element\"><\/span>\n            \n                    <\/a>\n            <\/span>\n    <span class=\"mkdf-icon-shortcode mkdf-normal   \">\n                    <a class=\"\" href=\"http:\/\/www.facebook.com\" target=\"_blank\">\n                    <span aria-hidden=\"true\" class=\"mkdf-icon-font-elegant social_facebook mkdf-icon-element\"><\/span>\n            \n                    <\/a>\n            <\/span>\n    <span class=\"mkdf-icon-shortcode mkdf-normal   \">\n                    <a class=\"\" href=\"http:\/\/www.twitter.com\" target=\"_blank\">\n                    <span aria-hidden=\"true\" class=\"mkdf-icon-font-elegant social_twitter mkdf-icon-element\"><\/span>\n            \n                    <\/a>\n            <\/span>\n    <span class=\"mkdf-icon-shortcode mkdf-normal   \">\n                    <a class=\"\" href=\"http:\/\/www.linkedin.com\" target=\"_blank\">\n                    <span aria-hidden=\"true\" class=\"mkdf-icon-font-elegant social_linkedin mkdf-icon-element\"><\/span>\n            \n                    <\/a>\n            <\/span>\n\t\t\t\t\t\t<\/div>\n\t\t\t\t\t<\/div>\n\t\t\t\t<\/div>\n\t\t\t<\/div>\n\t\t<\/div>\n\t<\/div>\n<\/div><div class=\"mkdf-team mkdf-item-space info-bellow\">\n\t<div class=\"mkdf-team-inner\">\n\t\t\t\t<div class=\"mkdf-team-info\">\n            <div class=\"mkdf-team-title-holder\">\n                <h4 itemprop=\"name\" class=\"mkdf-team-name entry-title\">\n                    <a itemprop=\"url\" href=\"https:\/\/dostkasvatur.com\/?team-member=omeryildirim\">\u00d6mer Y\u0131ld\u0131r\u0131m<\/a>\n                <\/h4>\n\n                            <\/div>\n\t\t\t\t\t\t\t<div class=\"mkdf-team-text\">\n\t\t\t\t\t<div class=\"mkdf-team-text-inner\">\n\t\t\t\t\t\t<div class=\"mkdf-team-description\">\n\t\t\t\t\t\t\t<p itemprop=\"description\" class=\"mkdf-team-excerpt\">\u00d6mer Y\u0131ld\u0131r\u0131m<\/p>\n\t\t\t\t\t\t<\/div>\n\t\t\t\t\t<\/div>\n\t\t\t\t<\/div>\n\t\t\t\t\t\t<div class=\"mkdf-team-social-holder-between\">\n\t\t\t\t<div class=\"mkdf-team-social\">\n\t\t\t\t\t<div class=\"mkdf-team-social-inner\">\n\t\t\t\t\t\t<div class=\"mkdf-team-social-wrapp\">\n\t\t\t\t\t\t\t    <span class=\"mkdf-icon-shortcode mkdf-normal   \">\n                    <a class=\"\" href=\"http:\/\/www.instagram.com\" target=\"_blank\">\n                    <span aria-hidden=\"true\" class=\"mkdf-icon-font-elegant social_instagram mkdf-icon-element\"><\/span>\n            \n                    <\/a>\n            <\/span>\n    <span class=\"mkdf-icon-shortcode mkdf-normal   \">\n                    <a class=\"\" href=\"http:\/\/www.facebook.com\" target=\"_blank\">\n                    <span aria-hidden=\"true\" class=\"mkdf-icon-font-elegant social_facebook mkdf-icon-element\"><\/span>\n            \n                    <\/a>\n            <\/span>\n    <span class=\"mkdf-icon-shortcode mkdf-normal   \">\n                    <a class=\"\" href=\"http:\/\/www.twitter.com\" target=\"_blank\">\n                    <span aria-hidden=\"true\" class=\"mkdf-icon-font-elegant social_twitter mkdf-icon-element\"><\/span>\n            \n                    <\/a>\n            <\/span>\n    <span class=\"mkdf-icon-shortcode mkdf-normal   \">\n                    <a class=\"\" href=\"http:\/\/www.linkedin.com\" target=\"_blank\">\n                    <span aria-hidden=\"true\" class=\"mkdf-icon-font-elegant social_linkedin mkdf-icon-element\"><\/span>\n            \n                    <\/a>\n            <\/span>\n\t\t\t\t\t\t<\/div>\n\t\t\t\t\t<\/div>\n\t\t\t\t<\/div>\n\t\t\t<\/div>\n\t\t<\/div>\n\t<\/div>\n<\/div><div class=\"mkdf-team mkdf-item-space info-bellow\">\n\t<div class=\"mkdf-team-inner\">\n\t\t\t\t<div class=\"mkdf-team-info\">\n            <div class=\"mkdf-team-title-holder\">\n                <h4 itemprop=\"name\" class=\"mkdf-team-name entry-title\">\n                    <a itemprop=\"url\" href=\"https:\/\/dostkasvatur.com\/?team-member=meliketanlak\">Melike Tanlak<\/a>\n                <\/h4>\n\n                            <\/div>\n\t\t\t\t\t\t\t<div class=\"mkdf-team-text\">\n\t\t\t\t\t<div class=\"mkdf-team-text-inner\">\n\t\t\t\t\t\t<div class=\"mkdf-team-description\">\n\t\t\t\t\t\t\t<p itemprop=\"description\" class=\"mkdf-team-excerpt\">Melike Tanlak<\/p>\n\t\t\t\t\t\t<\/div>\n\t\t\t\t\t<\/div>\n\t\t\t\t<\/div>\n\t\t\t\t\t\t<div class=\"mkdf-team-social-holder-between\">\n\t\t\t\t<div class=\"mkdf-team-social\">\n\t\t\t\t\t<div class=\"mkdf-team-social-inner\">\n\t\t\t\t\t\t<div class=\"mkdf-team-social-wrapp\">\n\t\t\t\t\t\t\t    <span class=\"mkdf-icon-shortcode mkdf-normal   \">\n                    <a class=\"\" href=\"http:\/\/www.instagram.com\" target=\"_blank\">\n                    <span aria-hidden=\"true\" class=\"mkdf-icon-font-elegant social_instagram mkdf-icon-element\"><\/span>\n            \n                    <\/a>\n            <\/span>\n    <span class=\"mkdf-icon-shortcode mkdf-normal   \">\n                    <a class=\"\" href=\"http:\/\/www.facebook.com\" target=\"_blank\">\n                    <span aria-hidden=\"true\" class=\"mkdf-icon-font-elegant social_facebook mkdf-icon-element\"><\/span>\n            \n                    <\/a>\n            <\/span>\n    <span class=\"mkdf-icon-shortcode mkdf-normal   \">\n                    <a class=\"\" href=\"http:\/\/www.twitter.com\" target=\"_blank\">\n                    <span aria-hidden=\"true\" class=\"mkdf-icon-font-elegant social_twitter mkdf-icon-element\"><\/span>\n            \n                    <\/a>\n            <\/span>\n    <span class=\"mkdf-icon-shortcode mkdf-normal   \">\n                    <a class=\"\" href=\"http:\/\/www.linkedin.com\" target=\"_blank\">\n                    <span aria-hidden=\"true\" class=\"mkdf-icon-font-elegant social_linkedin mkdf-icon-element\"><\/span>\n            \n                    <\/a>\n            <\/span>\n\t\t\t\t\t\t<\/div>\n\t\t\t\t\t<\/div>\n\t\t\t\t<\/div>\n\t\t\t<\/div>\n\t\t<\/div>\n\t<\/div>\n<\/div><div class=\"mkdf-team mkdf-item-space info-bellow\">\n\t<div class=\"mkdf-team-inner\">\n\t\t\t\t<div class=\"mkdf-team-info\">\n            <div class=\"mkdf-team-title-holder\">\n                <h4 itemprop=\"name\" class=\"mkdf-team-name entry-title\">\n                    <a itemprop=\"url\" href=\"https:\/\/dostkasvatur.com\/?team-member=neslisah-yildirim\">Nesli\u015fah Y\u0131ld\u0131r\u0131m<\/a>\n                <\/h4>\n\n                            <\/div>\n\t\t\t\t\t\t\t<div class=\"mkdf-team-text\">\n\t\t\t\t\t<div class=\"mkdf-team-text-inner\">\n\t\t\t\t\t\t<div class=\"mkdf-team-description\">\n\t\t\t\t\t\t\t<p itemprop=\"description\" class=\"mkdf-team-excerpt\">Nesli\u015fah Y\u0131ld\u0131r\u0131m<\/p>\n\t\t\t\t\t\t<\/div>\n\t\t\t\t\t<\/div>\n\t\t\t\t<\/div>\n\t\t\t\t\t\t<div class=\"mkdf-team-social-holder-between\">\n\t\t\t\t<div class=\"mkdf-team-social\">\n\t\t\t\t\t<div class=\"mkdf-team-social-inner\">\n\t\t\t\t\t\t<div class=\"mkdf-team-social-wrapp\">\n\t\t\t\t\t\t\t    <span class=\"mkdf-icon-shortcode mkdf-normal   \">\n                    <i class=\"mkdf-icon-font-awesome fa fa-instagram mkdf-icon-element\"><\/i>\n            \n            <\/span>\n    <span class=\"mkdf-icon-shortcode mkdf-normal   \">\n                    <i class=\"mkdf-icon-font-awesome fa fa-facebook mkdf-icon-element\"><\/i>\n            \n            <\/span>\n    <span class=\"mkdf-icon-shortcode mkdf-normal   \">\n                    <i class=\"mkdf-icon-font-awesome fa fa-linkedin mkdf-icon-element\"><\/i>\n            \n            <\/span>\n\t\t\t\t\t\t<\/div>\n\t\t\t\t\t<\/div>\n\t\t\t\t<\/div>\n\t\t\t<\/div>\n\t\t<\/div>\n\t<\/div>\n<\/div>\t<\/div>\n<\/div>[\/vc_column][\/vc_row]<\/p>\n","protected":false},"excerpt":{"rendered":"<p>[vc_row row_content_width=&#8221;grid&#8221; css=&#8221;.vc_custom_1505814449612{padding-top: 127px !important;padding-bottom: 68px !important;}&#8221;][vc_column][\/vc_column][\/vc_row]<\/p>\n","protected":false},"author":1,"featured_media":0,"parent":0,"menu_order":0,"comment_status":"closed","ping_status":"closed","template":"full-width.php","meta":[],"_links":{"self":[{"href":"https:\/\/dostkasvatur.com\/index.php?rest_route=\/wp\/v2\/pages\/809"}],"collection":[{"href":"https:\/\/dostkasvatur.com\/index.php?rest_route=\/wp\/v2\/pages"}],"about":[{"href":"https:\/\/dostkasvatur.com\/index.php?rest_route=\/wp\/v2\/types\/page"}],"author":[{"embeddable":true,"href":"https:\/\/dostkasvatur.com\/index.php?rest_route=\/wp\/v2\/users\/1"}],"replies":[{"embeddable":true,"href":"https:\/\/dostkasvatur.com\/index.php?rest_route=%2Fwp%2Fv2%2Fcomments&post=809"}],"version-history":[{"count":1,"href":"https:\/\/dostkasvatur.com\/index.php?rest_route=\/wp\/v2\/pages\/809\/revisions"}],"predecessor-version":[{"id":5912,"href":"https:\/\/dostkasvatur.com\/index.php?rest_route=\/wp\/v2\/pages\/809\/revisions\/5912"}],"wp:attachment":[{"href":"https:\/\/dostkasvatur.com\/index.php?rest_route=%2Fwp%2Fv2%2Fmedia&parent=809"}],"curies":[{"name":"wp","href":"https:\/\/api.w.org\/{rel}","templated":true}]}}